{"id":17636,"date":"2023-09-11T18:04:10","date_gmt":"2023-09-11T16:04:10","guid":{"rendered":"https:\/\/zoho.codafish.net\/politica-de-privacidad"},"modified":"2024-04-08T15:40:02","modified_gmt":"2024-04-08T13:40:02","slug":"politica-de-privacidad","status":"publish","type":"page","link":"https:\/\/zoho.codafish.net\/es\/politica-de-privacidad","title":{"rendered":"Polit\u00edca de privacidad"},"content":{"rendered":"<p>[vc_row full_width=\u00bbstretch_row\u00bb css=\u00bb.vc_custom_1671032996992{background-image: url(https:\/\/zoho.codafish.net\/wp-content\/uploads\/2022\/08\/ZOHO_block_header_3840x2160-scaled.jpg?id=4703) !important;background-position: center !important;background-repeat: no-repeat !important;background-size: cover !important;}\u00bb el_class=\u00bblegal-page-hero\u00bb][vc_column]<div class=\"ult-spacer spacer-69e88252a0e3f\" data-id=\"69e88252a0e3f\" data-height=\"250\" data-height-mobile=\"100\" data-height-tab=\"150\" data-height-tab-portrait=\"200\" data-height-mobile-landscape=\"200\" style=\"clear:both;display:block;\"><\/div>[vc_column_text el_class=\u00bblegal-text\u00bb]<\/p>\n<h1 style=\"color: white !important; font-weigth: 47px;\">Pol\u00edtica de Privacidad<\/h1>\n<p>[\/vc_column_text]<div class=\"ult-spacer spacer-69e88252a0eae\" data-id=\"69e88252a0eae\" data-height=\"250\" data-height-mobile=\"100\" data-height-tab=\"150\" data-height-tab-portrait=\"200\" data-height-mobile-landscape=\"200\" style=\"clear:both;display:block;\"><\/div>[\/vc_column][\/vc_row][vc_row el_class=\u00bblegal-page\u00bb][vc_column]<div class=\"ult-spacer spacer-69e88252a0eee\" data-id=\"69e88252a0eee\" data-height=\"50\" data-height-mobile=\"50\" data-height-tab=\"\" data-height-tab-portrait=\"\" data-height-mobile-landscape=\"50\" style=\"clear:both;display:block;\"><\/div>[vc_raw_html el_class=\u00bblegal-text\u00bb]JTNDc2NyaXB0JTIwc3JjJTNEJTIyaHR0cHMlM0ElMkYlMkZwcml2YWN5LmNvb2tpZWJveC5wcm8lMkZwcml2YWN5JTNGaWQlM0RLY2xNZGptV05URzdiUGl6dXAydiUyNmxhbmclM0RlcyUyNnNjcmlwdCUzRHRydWUlMjIlMjB0eXBlJTNEJTIydGV4dCUyRmphdmFzY3JpcHQlMjIlM0UlM0MlMkZzY3JpcHQlM0UlM0Nub3NjcmlwdCUzRSUzQ2lmcmFtZSUyMHNyYyUzRCUyMmh0dHBzJTNBJTJGJTJGcHJpdmFjeS5jb29raWVib3gucHJvJTJGcHJpdmFjeSUzRmlkJTNES2NsTWRqbVdOVEc3YlBpenVwMnYlMjZsYW5nJTNEZXMlMjZzY3JpcHQlM0RmYWxzZSUyMiUyMHN0eWxlJTNEJTIyd2lkdGglM0ExMDAlMjUlM0JoZWlnaHQlM0ExMDAlMjUlM0JtaW4taGVpZ2h0JTNBJTIwNjAwcHglM0IlMjIlM0UlM0MlMkZpZnJhbWUlM0UlM0MlMkZub3NjcmlwdCUzRSUwQQ==[\/vc_raw_html]<div class=\"ult-spacer spacer-69e88252a0f26\" data-id=\"69e88252a0f26\" data-height=\"50\" data-height-mobile=\"50\" data-height-tab=\"\" data-height-tab-portrait=\"\" data-height-mobile-landscape=\"50\" style=\"clear:both;display:block;\"><\/div>[\/vc_column][\/vc_row][vc_row][vc_column][\/vc_column][\/vc_row]<\/p>\n","protected":false},"excerpt":{"rendered":"<p>[vc_row full_width=\u00bbstretch_row\u00bb css=\u00bb.vc_custom_1671032996992{background-image: url(https:\/\/zoho.codafish.net\/wp-content\/uploads\/2022\/08\/ZOHO_block_header_3840x2160-scaled.jpg?id=4703) !important;background-position: center !important;background-repeat: no-repeat !important;background-size: cover !important;}\u00bb el_class=\u00bblegal-page-hero\u00bb][vc_column][vc_column_text el_class=\u00bblegal-text\u00bb] Pol\u00edtica de Privacidad [\/vc_column_text][\/vc_column][\/vc_row][vc_row el_class=\u00bblegal-page\u00bb][vc_column][vc_raw_html el_class=\u00bblegal-text\u00bb]JTNDc2NyaXB0JTIwc3JjJTNEJTIyaHR0cHMlM0ElMkYlMkZwcml2YWN5LmNvb2tpZWJveC5wcm8lMkZwcml2YWN5JTNGaWQlM0RLY2xNZGptV05URzdiUGl6dXAydiUyNmxhbmclM0RlcyUyNnNjcmlwdCUzRHRydWUlMjIlMjB0eXBlJTNEJTIydGV4dCUyRmphdmFzY3JpcHQlMjIlM0UlM0MlMkZzY3JpcHQlM0UlM0Nub3NjcmlwdCUzRSUzQ2lmcmFtZSUyMHNyYyUzRCUyMmh0dHBzJTNBJTJGJTJGcHJpdmFjeS5jb29raWVib3gucHJvJTJGcHJpdmFjeSUzRmlkJTNES2NsTWRqbVdOVEc3YlBpenVwMnYlMjZsYW5nJTNEZXMlMjZzY3JpcHQlM0RmYWxzZSUyMiUyMHN0eWxlJTNEJTIyd2lkdGglM0ExMDAlMjUlM0JoZWlnaHQlM0ExMDAlMjUlM0JtaW4taGVpZ2h0JTNBJTIwNjAwcHglM0IlMjIlM0UlM0MlMkZpZnJhbWUlM0UlM0MlMkZub3NjcmlwdCUzRSUwQQ==[\/vc_raw_html][\/vc_column][\/vc_row][vc_row][vc_column][\/vc_column][\/vc_row]<\/p>\n","protected":false},"author":1,"featured_media":0,"parent":0,"menu_order":0,"comment_status":"closed","ping_status":"closed","template":"template-home.php","meta":{"footnotes":""},"class_list":["post-17636","page","type-page","status-publish","hentry"],"aioseo_notices":[],"aioseo_head":"\n\t\t<!-- All in One SEO Pro 4.9.6.2 - aioseo.com -->\n\t<meta name=\"description\" content=\"Las siguientes notas ofrecen una visi\u00f3n sencilla de lo que ocurre con sus datos personales...\" \/>\n\t<meta name=\"robots\" content=\"max-image-preview:large\" \/>\n\t<meta name=\"google-site-verification\" content=\"eketftC4Xy7qAWx16d26dT1ozeJSfO04qSjqDLLPntk\" \/>\n\t<link rel=\"canonical\" href=\"https:\/\/zoho.codafish.net\/es\/politica-de-privacidad\" \/>\n\t<meta name=\"generator\" content=\"All in One SEO Pro (AIOSEO) 4.9.6.2\" \/>\n\t\t<meta property=\"og:locale\" content=\"es_ES\" \/>\n\t\t<meta property=\"og:site_name\" content=\"Su partner oficial de Zoho - together we dive into digital\" \/>\n\t\t<meta property=\"og:type\" content=\"article\" \/>\n\t\t<meta property=\"og:title\" content=\"Polit\u00edca de privacidad - Protecci\u00f3n de datos de un vistazo\" \/>\n\t\t<meta property=\"og:description\" content=\"Las siguientes notas ofrecen una visi\u00f3n sencilla de lo que ocurre con sus datos personales...\" \/>\n\t\t<meta property=\"og:url\" content=\"https:\/\/zoho.codafish.net\/es\/politica-de-privacidad\" \/>\n\t\t<meta property=\"article:published_time\" content=\"2023-09-11T16:04:10+00:00\" \/>\n\t\t<meta property=\"article:modified_time\" content=\"2024-04-08T13:40:02+00:00\" \/>\n\t\t<meta property=\"article:publisher\" content=\"https:\/\/www.facebook.com\/codafishagency\" \/>\n\t\t<meta name=\"twitter:card\" content=\"summary_large_image\" \/>\n\t\t<meta name=\"twitter:title\" content=\"Polit\u00edca de privacidad - Protecci\u00f3n de datos de un vistazo\" \/>\n\t\t<meta name=\"twitter:description\" content=\"Las siguientes notas ofrecen una visi\u00f3n sencilla de lo que ocurre con sus datos personales...\" \/>\n\t\t<script type=\"application\/ld+json\" class=\"aioseo-schema\">\n\t\t\t{\"@context\":\"https:\\\/\\\/schema.org\",\"@graph\":[{\"@type\":\"BreadcrumbList\",\"@id\":\"https:\\\/\\\/zoho.codafish.net\\\/es\\\/politica-de-privacidad#breadcrumblist\",\"itemListElement\":[{\"@type\":\"ListItem\",\"@id\":\"https:\\\/\\\/zoho.codafish.net\\\/es#listItem\",\"position\":1,\"name\":\"Home\",\"item\":\"https:\\\/\\\/zoho.codafish.net\\\/es\",\"nextItem\":{\"@type\":\"ListItem\",\"@id\":\"https:\\\/\\\/zoho.codafish.net\\\/es\\\/politica-de-privacidad#listItem\",\"name\":\"Polit\\u00edca de privacidad\"}},{\"@type\":\"ListItem\",\"@id\":\"https:\\\/\\\/zoho.codafish.net\\\/es\\\/politica-de-privacidad#listItem\",\"position\":2,\"name\":\"Polit\\u00edca de privacidad\",\"previousItem\":{\"@type\":\"ListItem\",\"@id\":\"https:\\\/\\\/zoho.codafish.net\\\/es#listItem\",\"name\":\"Home\"}}]},{\"@type\":\"Organization\",\"@id\":\"https:\\\/\\\/zoho.codafish.net\\\/es\\\/#organization\",\"name\":\"codafish\",\"description\":\"together we dive into digital\",\"url\":\"https:\\\/\\\/zoho.codafish.net\\\/es\\\/\",\"telephone\":\"+4930666384800\",\"foundingDate\":\"2018-06-18\",\"numberOfEmployees\":{\"@type\":\"QuantitativeValue\",\"value\":20},\"logo\":{\"@type\":\"ImageObject\",\"url\":\"https:\\\/\\\/zoho.codafish.net\\\/wp-content\\\/uploads\\\/2021\\\/12\\\/codafish_Logo_RGB_RZ_Pfade_oBG.png\",\"@id\":\"https:\\\/\\\/zoho.codafish.net\\\/es\\\/politica-de-privacidad\\\/#organizationLogo\",\"width\":955,\"height\":150},\"image\":{\"@id\":\"https:\\\/\\\/zoho.codafish.net\\\/es\\\/politica-de-privacidad\\\/#organizationLogo\"},\"sameAs\":[\"https:\\\/\\\/www.facebook.com\\\/codafishagency\",\"https:\\\/\\\/www.instagram.com\\\/codafishagency\\\/\",\"https:\\\/\\\/www.youtube.com\\\/@codafish\",\"https:\\\/\\\/www.linkedin.com\\\/company\\\/codafishagency\\\/\"]},{\"@type\":\"WebPage\",\"@id\":\"https:\\\/\\\/zoho.codafish.net\\\/es\\\/politica-de-privacidad#webpage\",\"url\":\"https:\\\/\\\/zoho.codafish.net\\\/es\\\/politica-de-privacidad\",\"name\":\"Polit\\u00edca de privacidad - Protecci\\u00f3n de datos de un vistazo\",\"description\":\"Las siguientes notas ofrecen una visi\\u00f3n sencilla de lo que ocurre con sus datos personales...\",\"inLanguage\":\"es-ES\",\"isPartOf\":{\"@id\":\"https:\\\/\\\/zoho.codafish.net\\\/es\\\/#website\"},\"breadcrumb\":{\"@id\":\"https:\\\/\\\/zoho.codafish.net\\\/es\\\/politica-de-privacidad#breadcrumblist\"},\"datePublished\":\"2023-09-11T18:04:10+02:00\",\"dateModified\":\"2024-04-08T15:40:02+02:00\"},{\"@type\":\"WebSite\",\"@id\":\"https:\\\/\\\/zoho.codafish.net\\\/es\\\/#website\",\"url\":\"https:\\\/\\\/zoho.codafish.net\\\/es\\\/\",\"name\":\"Ihre Zoho Agentur mit Partner Zertifizierung\",\"description\":\"together we dive into digital\",\"inLanguage\":\"es-ES\",\"publisher\":{\"@id\":\"https:\\\/\\\/zoho.codafish.net\\\/es\\\/#organization\"}}]}\n\t\t<\/script>\n\t\t<!-- All in One SEO Pro -->\r\n\t\t<title>Polit\u00edca de privacidad - Protecci\u00f3n de datos de un vistazo<\/title>\n\n","aioseo_head_json":{"title":"Polit\u00edca de privacidad - Protecci\u00f3n de datos de un vistazo","description":"Las siguientes notas ofrecen una visi\u00f3n sencilla de lo que ocurre con sus datos personales...","canonical_url":"https:\/\/zoho.codafish.net\/es\/politica-de-privacidad","robots":"max-image-preview:large","keywords":"","webmasterTools":{"google-site-verification":"eketftC4Xy7qAWx16d26dT1ozeJSfO04qSjqDLLPntk","miscellaneous":""},"schema":{"@context":"https:\/\/schema.org","@graph":[{"@type":"BreadcrumbList","@id":"https:\/\/zoho.codafish.net\/es\/politica-de-privacidad#breadcrumblist","itemListElement":[{"@type":"ListItem","@id":"https:\/\/zoho.codafish.net\/es#listItem","position":1,"name":"Home","item":"https:\/\/zoho.codafish.net\/es","nextItem":{"@type":"ListItem","@id":"https:\/\/zoho.codafish.net\/es\/politica-de-privacidad#listItem","name":"Polit\u00edca de privacidad"}},{"@type":"ListItem","@id":"https:\/\/zoho.codafish.net\/es\/politica-de-privacidad#listItem","position":2,"name":"Polit\u00edca de privacidad","previousItem":{"@type":"ListItem","@id":"https:\/\/zoho.codafish.net\/es#listItem","name":"Home"}}]},{"@type":"Organization","@id":"https:\/\/zoho.codafish.net\/es\/#organization","name":"codafish","description":"together we dive into digital","url":"https:\/\/zoho.codafish.net\/es\/","telephone":"+4930666384800","foundingDate":"2018-06-18","numberOfEmployees":{"@type":"QuantitativeValue","value":20},"logo":{"@type":"ImageObject","url":"https:\/\/zoho.codafish.net\/wp-content\/uploads\/2021\/12\/codafish_Logo_RGB_RZ_Pfade_oBG.png","@id":"https:\/\/zoho.codafish.net\/es\/politica-de-privacidad\/#organizationLogo","width":955,"height":150},"image":{"@id":"https:\/\/zoho.codafish.net\/es\/politica-de-privacidad\/#organizationLogo"},"sameAs":["https:\/\/www.facebook.com\/codafishagency","https:\/\/www.instagram.com\/codafishagency\/","https:\/\/www.youtube.com\/@codafish","https:\/\/www.linkedin.com\/company\/codafishagency\/"]},{"@type":"WebPage","@id":"https:\/\/zoho.codafish.net\/es\/politica-de-privacidad#webpage","url":"https:\/\/zoho.codafish.net\/es\/politica-de-privacidad","name":"Polit\u00edca de privacidad - Protecci\u00f3n de datos de un vistazo","description":"Las siguientes notas ofrecen una visi\u00f3n sencilla de lo que ocurre con sus datos personales...","inLanguage":"es-ES","isPartOf":{"@id":"https:\/\/zoho.codafish.net\/es\/#website"},"breadcrumb":{"@id":"https:\/\/zoho.codafish.net\/es\/politica-de-privacidad#breadcrumblist"},"datePublished":"2023-09-11T18:04:10+02:00","dateModified":"2024-04-08T15:40:02+02:00"},{"@type":"WebSite","@id":"https:\/\/zoho.codafish.net\/es\/#website","url":"https:\/\/zoho.codafish.net\/es\/","name":"Ihre Zoho Agentur mit Partner Zertifizierung","description":"together we dive into digital","inLanguage":"es-ES","publisher":{"@id":"https:\/\/zoho.codafish.net\/es\/#organization"}}]},"og:locale":"es_ES","og:site_name":"Su partner oficial de Zoho - together we dive into digital","og:type":"article","og:title":"Polit\u00edca de privacidad - Protecci\u00f3n de datos de un vistazo","og:description":"Las siguientes notas ofrecen una visi\u00f3n sencilla de lo que ocurre con sus datos personales...","og:url":"https:\/\/zoho.codafish.net\/es\/politica-de-privacidad","article:published_time":"2023-09-11T16:04:10+00:00","article:modified_time":"2024-04-08T13:40:02+00:00","article:publisher":"https:\/\/www.facebook.com\/codafishagency","twitter:card":"summary_large_image","twitter:title":"Polit\u00edca de privacidad - Protecci\u00f3n de datos de un vistazo","twitter:description":"Las siguientes notas ofrecen una visi\u00f3n sencilla de lo que ocurre con sus datos personales..."},"aioseo_meta_data":{"post_id":"17636","title":"#post_title  - Protecci\u00f3n de datos de un vistazo","description":"Las siguientes notas ofrecen una visi\u00f3n sencilla de lo que ocurre con sus datos personales...","keywords":null,"keyphrases":null,"primary_term":null,"canonical_url":null,"og_title":null,"og_description":null,"og_object_type":"default","og_image_type":"default","og_image_url":null,"og_image_width":null,"og_image_height":null,"og_image_custom_url":null,"og_image_custom_fields":null,"og_video":null,"og_custom_url":null,"og_article_section":null,"og_article_tags":null,"twitter_use_og":false,"twitter_card":"default","twitter_image_type":"default","twitter_image_url":null,"twitter_image_custom_url":null,"twitter_image_custom_fields":null,"twitter_title":null,"twitter_description":null,"schema":{"blockGraphs":[],"customGraphs":[],"default":{"data":{"Article":[],"Course":[],"Dataset":[],"FAQPage":[],"Movie":[],"Person":[],"Product":[],"ProductReview":[],"Car":[],"Recipe":[],"Service":[],"SoftwareApplication":[],"WebPage":[]},"graphName":"","isEnabled":true},"graphs":[]},"schema_type":"default","schema_type_options":null,"pillar_content":false,"robots_default":false,"robots_noindex":false,"robots_noarchive":false,"robots_nosnippet":false,"robots_nofollow":false,"robots_noimageindex":false,"robots_noodp":false,"robots_notranslate":false,"robots_max_snippet":null,"robots_max_videopreview":null,"robots_max_imagepreview":"large","priority":null,"frequency":null,"local_seo":null,"seo_analyzer_scan_date":"2025-10-10 19:17:30","breadcrumb_settings":null,"limit_modified_date":false,"reviewed_by":null,"open_ai":null,"ai":null,"created":"2023-09-23 14:23:46","updated":"2025-10-19 03:21:03"},"aioseo_breadcrumb":"<div class=\"aioseo-breadcrumbs\"><span class=\"aioseo-breadcrumb\">\n\t<a href=\"https:\/\/zoho.codafish.net\/es\" title=\"Home\">Home<\/a>\n<\/span><span class=\"aioseo-breadcrumb-separator\">\u00bb<\/span><span class=\"aioseo-breadcrumb\">\n\tPolit\u00edca de privacidad\n<\/span><\/div>","aioseo_breadcrumb_json":[{"label":"Home","link":"https:\/\/zoho.codafish.net\/es"},{"label":"Polit\u00edca de privacidad","link":"https:\/\/zoho.codafish.net\/es\/politica-de-privacidad"}],"_links":{"self":[{"href":"https:\/\/zoho.codafish.net\/es\/wp-json\/wp\/v2\/pages\/17636","targetHints":{"allow":["GET"]}}],"collection":[{"href":"https:\/\/zoho.codafish.net\/es\/wp-json\/wp\/v2\/pages"}],"about":[{"href":"https:\/\/zoho.codafish.net\/es\/wp-json\/wp\/v2\/types\/page"}],"author":[{"embeddable":true,"href":"https:\/\/zoho.codafish.net\/es\/wp-json\/wp\/v2\/users\/1"}],"replies":[{"embeddable":true,"href":"https:\/\/zoho.codafish.net\/es\/wp-json\/wp\/v2\/comments?post=17636"}],"version-history":[{"count":0,"href":"https:\/\/zoho.codafish.net\/es\/wp-json\/wp\/v2\/pages\/17636\/revisions"}],"wp:attachment":[{"href":"https:\/\/zoho.codafish.net\/es\/wp-json\/wp\/v2\/media?parent=17636"}],"curies":[{"name":"wp","href":"https:\/\/api.w.org\/{rel}","templated":true}]}}