{"id":5339,"date":"2022-09-29T12:03:57","date_gmt":"2022-09-29T10:03:57","guid":{"rendered":"https:\/\/zoho.codafish.net\/?page_id=5339"},"modified":"2024-08-20T12:37:01","modified_gmt":"2024-08-20T10:37:01","slug":"impressum","status":"publish","type":"page","link":"https:\/\/zoho.codafish.net\/de\/impressum","title":{"rendered":"Impressum"},"content":{"rendered":"<p>[vc_row full_width=&#8220;stretch_row&#8220; css=&#8220;.vc_custom_1671033006472{background-image: url(https:\/\/zoho.codafish.net\/wp-content\/uploads\/2022\/08\/ZOHO_block_header_3840x2160-scaled.jpg?id=4703) !important;background-position: center !important;background-repeat: no-repeat !important;background-size: cover !important;}&#8220; el_class=&#8220;legal-page-hero&#8220;][vc_column]<div class=\"ult-spacer spacer-69e498a7a8768\" data-id=\"69e498a7a8768\" data-height=\"250\" data-height-mobile=\"100\" data-height-tab=\"150\" data-height-tab-portrait=\"200\" data-height-mobile-landscape=\"200\" style=\"clear:both;display:block;\"><\/div>[vc_column_text el_class=&#8220;legal-text&#8220;]<\/p>\n<h1>Impressum<\/h1>\n<p>[\/vc_column_text]<div class=\"ult-spacer spacer-69e498a7a87e9\" data-id=\"69e498a7a87e9\" data-height=\"250\" data-height-mobile=\"100\" data-height-tab=\"150\" data-height-tab-portrait=\"200\" data-height-mobile-landscape=\"200\" style=\"clear:both;display:block;\"><\/div>[\/vc_column][\/vc_row][vc_row el_class=&#8220;legal-page&#8220;][vc_column]<div class=\"ult-spacer spacer-69e498a7a883f\" data-id=\"69e498a7a883f\" data-height=\"50\" data-height-mobile=\"50\" data-height-tab=\"50\" data-height-tab-portrait=\"\" data-height-mobile-landscape=\"\" style=\"clear:both;display:block;\"><\/div>[vc_raw_html el_class=&#8220;legal-text&#8220;]JTNDaDIlM0UxLiUyMEZpcm1hJTNDJTJGaDIlM0UlMEElM0NwJTNFY29kYWZpc2glMjAlM0UlM0MlM0UlMjBHbWJIJTNDYnIlM0UlMEFBbSUyMEFsdGVuZmVsZHNkZWljaCUyMDU2JTNDYnIlM0UlMEEyNTM3MSUyMFNlZXN0ZXJtdSVDQyU4OGhlJTNDYnIlM0UlMEFEZXV0c2NobGFuZCUzQyUyRnAlM0UlMEElMEElM0NwJTNFSGFuZGVsc3JlZ2lzdGVyJTNBJTIwSFJCJTIwMTM3OTUlMjBQSSUzQ2JyJTNFJTBBUmVnaXN0ZXJnZXJpY2h0JTNBJTIwQW10c2dlcmljaHQlMjBQaW5uZWJlcmclM0MlMkZwJTNFJTBBJTBBJTNDcCUzRVZlcnRyZXRlbiUyMGR1cmNoJTNBJTNDYnIlM0UlMEElMEFHZXNjaCVDMyVBNGZ0c2YlQzMlQkNocmVyJTNBJTIwQW5kcmVhcyUyMFdyb2JsZXdza2klMkMlMjAlM0NiciUzRUdlc2NoJUMzJUE0ZnRzZiVDMyVCQ2hyZXIlM0ElMjBUaW1vJTIwTSVDMyVCQ2xsZXIlM0MlMkZwJTNFJTBBJTBBJTNDaDIlM0UyLiUyMEtPTlRBS1QlM0MlMkZoMiUzRSUwQSUzQ3AlM0VUZWxlZm9uJTNBJTIwJTNDYSUyMGhyZWYlM0QlMjJ0ZWwlM0EwMDgwMCUyMDI2MzIlMjAzNDc0JTIyJTNFMDA4MDAlMjAyNjMyJTIwMzQ3NCUzQyUyRmElM0UlMjBvZGVyJTIwJTNDYSUyMGhyZWYlM0QlMjIlMkI0OSUyMDMwJTIwNjY2JTIwMzglMjA0OCUyMDAwJTIyJTNFJTJCNDklMjAzMCUyMDY2NiUyMDM4JTIwNDglMjAwMCUzQyUyRmElM0UlM0NiciUzRSUwQUZheCUzQSUyMCUyQjQ5JTIwMzAlMjA2NjYzODQ3OCUzQyUyRnAlM0UlMEElM0NwJTNFRS1tYWlsJTNBJTIwJTNDYSUyMGhyZWYlM0QlMjJtYWlsdG8lM0FoZWxsbyU0MGNvZGFmaXNoLm5ldCUyMiUzRWhlbGxvJTQwY29kYWZpc2gubmV0JTNDJTJGYSUzRSUzQyUyRnAlM0UlMEElMEElM0NoMiUzRTMuJTIwUE9TVEFEUkVTU0UlM0MlMkZoMiUzRSUwQSUzQ3AlM0VGcmllZHJpY2hzdHJhc3NlJTIwMTcxJTJDJTNDYnIlM0UlMEElMjAxMDExNyUyMEJlcmxpbiUyMCUyOERldXRzY2hsYW5kJTI5JTNDYnIlM0UlM0NiciUzRSUwQUJhbGxpbmRhbW0lMjAzJTJDJTNDYnIlM0UlMEEyMDA5NSUyMEhhbWJ1cmclMjAlMjhEZXV0c2NobGFuZCUyOSUzQyUyRnAlM0UlMEElMEElM0NoMiUzRTQuJTIwVU1TQVRaU1RFVUVSLUlEJTNDJTJGaDIlM0UlMEElM0NwJTNFVW1zYXR6c3RldWVyLUlkZW50aWZpa2F0aW9uc251bW1lciUyMGdlbWElQ0MlODglQzMlOUYlMjAlQzIlQTclMjAyNyUyMGElMjBVbXNhdHpzdGV1ZXJnZXNldHolM0ElM0NiciUzRSUwQURFMzE4NzY1OTU4JTNDJTJGcCUzRSUwQSUwQSUzQ2gyJTNFNS4lMjBHRVdFUkJFRVJMQVVCTklTJTNDJTJGaDIlM0UlMEElM0NwJTNFRGllJTIwR2V3ZXJiZWVybGF1Ym5pcyUyMG5hY2glMjAlQzIlQTclMjAxNCUyMEdld08lMjBvZGVyJTIwJUMyJUE3JTIwNTVjJTIwR2V3TyUyMEdld08lMjB3dXJkZSUyMGFtJTIwMTguMDYuMjAxOCUyMGR1cmNoJTIwQW10JTIwRWxtc2hvcm4tTGFuZCUyMGVydGVpbHQuJTNDJTJGcCUzRSUwQSUwQSUzQ2gyJTNFNi4lMjBBTkdBQkVOJTIwWlVSJTIwQkVSVUZTSEFGVFBGTElDSFRWRVJTSUNIRVJVTkclM0MlMkZoMiUzRSUwQSUzQ3AlM0VOYW1lJTIwdW5kJTIwU2l0eiUyMGRlcyUyMFZlcnNpY2hlcmVycyUzQSUzQ2JyJTNFJTBBTWFya2VsJTIwSW50ZXJuYXRpb25hbCUyMEluc3VyYW5jZSUyMENvbXBhbnklMjBMdGQuJTJDJTIwTmllZGVybGFzc3VuZyUyMGYlQzMlQkNyJTIwRGV1dHNjaGxhbmQlM0MlMkZwJTNFJTBBJTBBJTNDcCUzRVNvcGhpZW5zdHJhJUMzJTlGZSUyMDI2JTNDYnIlM0UlMEE4MDMzMyUyME0lQzMlQkNuY2hlbiUzQ2JyJTNFJTBBRGV1dHNjaGxhbmQlM0MlMkZwJTNFJTBBJTBBJTNDcCUzRVRlbGVmb24lM0ElMjAlMkI0OSUyMDg5JTIwODkwODMxNjUwJTNDYnIlM0UlMEFUZWxlZmF4JTNBJTIwJTJCNDklMjA4OSUyMDg5MDgzMTY5OSUzQyUyRnAlM0UlMEElMEElM0NoMiUzRUdlbHR1bmdzcmF1bSUyMGRlciUyMFZlcnNpY2hlcnVuZyUzQSUzQyUyRmgyJTNFJTBBJTNDcCUzRUVzJTIwYmVzdGVodCUyMHdlbHR3ZWl0ZXIlMjBWZXJzaWNoZXJ1bmdzc2NodXR6JTIwbWl0JTIwQXVzbmFobWVyZWdlbHVuZyUyMGZ1JUNDJTg4ciUyMFVTQSUyMHVuZCUyMEthbmFkYS4lM0MlMkZwJTNFJTBB[\/vc_raw_html]<div class=\"ult-spacer spacer-69e498a7a8883\" data-id=\"69e498a7a8883\" data-height=\"50\" data-height-mobile=\"50\" data-height-tab=\"50\" data-height-tab-portrait=\"\" data-height-mobile-landscape=\"\" style=\"clear:both;display:block;\"><\/div>[\/vc_column][\/vc_row]<\/p>\n","protected":false},"excerpt":{"rendered":"<p>[vc_row full_width=&#8220;stretch_row&#8220; css=&#8220;.vc_custom_1671033006472{background-image: url(https:\/\/zoho.codafish.net\/wp-content\/uploads\/2022\/08\/ZOHO_block_header_3840x2160-scaled.jpg?id=4703) !important;background-position: center !important;background-repeat: no-repeat !important;background-size: cover !important;}&#8220; el_class=&#8220;legal-page-hero&#8220;][vc_column][vc_column_text el_class=&#8220;legal-text&#8220;] Impressum [\/vc_column_text][\/vc_column][\/vc_row][vc_row el_class=&#8220;legal-page&#8220;][vc_column][vc_raw_html el_class=&#8220;legal-text&#8220;]JTNDaDIlM0UxLiUyMEZpcm1hJTNDJTJGaDIlM0UlMEElM0NwJTNFY29kYWZpc2glMjAlM0UlM0MlM0UlMjBHbWJIJTNDYnIlM0UlMEFBbSUyMEFsdGVuZmVsZHNkZWljaCUyMDU2JTNDYnIlM0UlMEEyNTM3MSUyMFNlZXN0ZXJtdSVDQyU4OGhlJTNDYnIlM0UlMEFEZXV0c2NobGFuZCUzQyUyRnAlM0UlMEElMEElM0NwJTNFSGFuZGVsc3JlZ2lzdGVyJTNBJTIwSFJCJTIwMTM3OTUlMjBQSSUzQ2JyJTNFJTBBUmVnaXN0ZXJnZXJpY2h0JTNBJTIwQW10c2dlcmljaHQlMjBQaW5uZWJlcmclM0MlMkZwJTNFJTBBJTBBJTNDcCUzRVZlcnRyZXRlbiUyMGR1cmNoJTNBJTNDYnIlM0UlMEElMEFHZXNjaCVDMyVBNGZ0c2YlQzMlQkNocmVyJTNBJTIwQW5kcmVhcyUyMFdyb2JsZXdza2klMkMlMjAlM0NiciUzRUdlc2NoJUMzJUE0ZnRzZiVDMyVCQ2hyZXIlM0ElMjBUaW1vJTIwTSVDMyVCQ2xsZXIlM0MlMkZwJTNFJTBBJTBBJTNDaDIlM0UyLiUyMEtPTlRBS1QlM0MlMkZoMiUzRSUwQSUzQ3AlM0VUZWxlZm9uJTNBJTIwJTNDYSUyMGhyZWYlM0QlMjJ0ZWwlM0EwMDgwMCUyMDI2MzIlMjAzNDc0JTIyJTNFMDA4MDAlMjAyNjMyJTIwMzQ3NCUzQyUyRmElM0UlMjBvZGVyJTIwJTNDYSUyMGhyZWYlM0QlMjIlMkI0OSUyMDMwJTIwNjY2JTIwMzglMjA0OCUyMDAwJTIyJTNFJTJCNDklMjAzMCUyMDY2NiUyMDM4JTIwNDglMjAwMCUzQyUyRmElM0UlM0NiciUzRSUwQUZheCUzQSUyMCUyQjQ5JTIwMzAlMjA2NjYzODQ3OCUzQyUyRnAlM0UlMEElM0NwJTNFRS1tYWlsJTNBJTIwJTNDYSUyMGhyZWYlM0QlMjJtYWlsdG8lM0FoZWxsbyU0MGNvZGFmaXNoLm5ldCUyMiUzRWhlbGxvJTQwY29kYWZpc2gubmV0JTNDJTJGYSUzRSUzQyUyRnAlM0UlMEElMEElM0NoMiUzRTMuJTIwUE9TVEFEUkVTU0UlM0MlMkZoMiUzRSUwQSUzQ3AlM0VGcmllZHJpY2hzdHJhc3NlJTIwMTcxJTJDJTNDYnIlM0UlMEElMjAxMDExNyUyMEJlcmxpbiUyMCUyOERldXRzY2hsYW5kJTI5JTNDYnIlM0UlM0NiciUzRSUwQUJhbGxpbmRhbW0lMjAzJTJDJTNDYnIlM0UlMEEyMDA5NSUyMEhhbWJ1cmclMjAlMjhEZXV0c2NobGFuZCUyOSUzQyUyRnAlM0UlMEElMEElM0NoMiUzRTQuJTIwVU1TQVRaU1RFVUVSLUlEJTNDJTJGaDIlM0UlMEElM0NwJTNFVW1zYXR6c3RldWVyLUlkZW50aWZpa2F0aW9uc251bW1lciUyMGdlbWElQ0MlODglQzMlOUYlMjAlQzIlQTclMjAyNyUyMGElMjBVbXNhdHpzdGV1ZXJnZXNldHolM0ElM0NiciUzRSUwQURFMzE4NzY1OTU4JTNDJTJGcCUzRSUwQSUwQSUzQ2gyJTNFNS4lMjBHRVdFUkJFRVJMQVVCTklTJTNDJTJGaDIlM0UlMEElM0NwJTNFRGllJTIwR2V3ZXJiZWVybGF1Ym5pcyUyMG5hY2glMjAlQzIlQTclMjAxNCUyMEdld08lMjBvZGVyJTIwJUMyJUE3JTIwNTVjJTIwR2V3TyUyMEdld08lMjB3dXJkZSUyMGFtJTIwMTguMDYuMjAxOCUyMGR1cmNoJTIwQW10JTIwRWxtc2hvcm4tTGFuZCUyMGVydGVpbHQuJTNDJTJGcCUzRSUwQSUwQSUzQ2gyJTNFNi4lMjBBTkdBQkVOJTIwWlVSJTIwQkVSVUZTSEFGVFBGTElDSFRWRVJTSUNIRVJVTkclM0MlMkZoMiUzRSUwQSUzQ3AlM0VOYW1lJTIwdW5kJTIwU2l0eiUyMGRlcyUyMFZlcnNpY2hlcmVycyUzQSUzQ2JyJTNFJTBBTWFya2VsJTIwSW50ZXJuYXRpb25hbCUyMEluc3VyYW5jZSUyMENvbXBhbnklMjBMdGQuJTJDJTIwTmllZGVybGFzc3VuZyUyMGYlQzMlQkNyJTIwRGV1dHNjaGxhbmQlM0MlMkZwJTNFJTBBJTBBJTNDcCUzRVNvcGhpZW5zdHJhJUMzJTlGZSUyMDI2JTNDYnIlM0UlMEE4MDMzMyUyME0lQzMlQkNuY2hlbiUzQ2JyJTNFJTBBRGV1dHNjaGxhbmQlM0MlMkZwJTNFJTBBJTBBJTNDcCUzRVRlbGVmb24lM0ElMjAlMkI0OSUyMDg5JTIwODkwODMxNjUwJTNDYnIlM0UlMEFUZWxlZmF4JTNBJTIwJTJCNDklMjA4OSUyMDg5MDgzMTY5OSUzQyUyRnAlM0UlMEElMEElM0NoMiUzRUdlbHR1bmdzcmF1bSUyMGRlciUyMFZlcnNpY2hlcnVuZyUzQSUzQyUyRmgyJTNFJTBBJTNDcCUzRUVzJTIwYmVzdGVodCUyMHdlbHR3ZWl0ZXIlMjBWZXJzaWNoZXJ1bmdzc2NodXR6JTIwbWl0JTIwQXVzbmFobWVyZWdlbHVuZyUyMGZ1JUNDJTg4ciUyMFVTQSUyMHVuZCUyMEthbmFkYS4lM0MlMkZwJTNFJTBB[\/vc_raw_html][\/vc_column][\/vc_row]<\/p>\n","protected":false},"author":1,"featured_media":0,"parent":0,"menu_order":0,"comment_status":"closed","ping_status":"closed","template":"template-home.php","meta":{"footnotes":""},"class_list":["post-5339","page","type-page","status-publish","hentry"],"aioseo_notices":[],"aioseo_head":"\n\t\t<!-- All in One SEO Pro 4.9.6.2 - aioseo.com -->\n\t<meta name=\"description\" content=\"Impressum 1. Firma codafish &gt; GmbH Am Altenfeldsdeich 56 25371 Seestermu\u0308he Deutschland Handelsregister: HRB 13795 PI Registergericht: Amtsgericht Pinneberg Vertreten durch: Gesch\u00e4ftsf\u00fchrer: Andreas Wroblewski, Gesch\u00e4ftsf\u00fchrer: Timo M\u00fcller 2. KONTAKT Telefon: 00800 2632 3474 oder +49 30 666 38 48 00 Fax: +49 30 66638478 E-mail: hello@codafish.net 3. POSTADRESSE Friedrichstrasse 171, 10117 Berlin (Deutschland) Ballindamm 3,\" \/>\n\t<meta name=\"robots\" content=\"max-image-preview:large\" \/>\n\t<meta name=\"google-site-verification\" content=\"eketftC4Xy7qAWx16d26dT1ozeJSfO04qSjqDLLPntk\" \/>\n\t<link rel=\"canonical\" href=\"https:\/\/zoho.codafish.net\/de\/impressum\" \/>\n\t<meta name=\"generator\" content=\"All in One SEO Pro (AIOSEO) 4.9.6.2\" \/>\n\t\t<meta property=\"og:locale\" content=\"de_DE\" \/>\n\t\t<meta property=\"og:site_name\" content=\"Ihre Zoho Agentur mit Partner Zertifizierung - together we dive into digital.\" \/>\n\t\t<meta property=\"og:type\" content=\"article\" \/>\n\t\t<meta property=\"og:title\" content=\"Impressum - Ihre Zoho Agentur mit Partner Zertifizierung\" \/>\n\t\t<meta property=\"og:description\" content=\"Impressum 1. Firma codafish &gt; GmbH Am Altenfeldsdeich 56 25371 Seestermu\u0308he Deutschland Handelsregister: HRB 13795 PI Registergericht: Amtsgericht Pinneberg Vertreten durch: Gesch\u00e4ftsf\u00fchrer: Andreas Wroblewski, Gesch\u00e4ftsf\u00fchrer: Timo M\u00fcller 2. KONTAKT Telefon: 00800 2632 3474 oder +49 30 666 38 48 00 Fax: +49 30 66638478 E-mail: hello@codafish.net 3. POSTADRESSE Friedrichstrasse 171, 10117 Berlin (Deutschland) Ballindamm 3,\" \/>\n\t\t<meta property=\"og:url\" content=\"https:\/\/zoho.codafish.net\/de\/impressum\" \/>\n\t\t<meta property=\"article:published_time\" content=\"2022-09-29T10:03:57+00:00\" \/>\n\t\t<meta property=\"article:modified_time\" content=\"2024-08-20T10:37:01+00:00\" \/>\n\t\t<meta property=\"article:publisher\" content=\"https:\/\/www.facebook.com\/codafishagency\" \/>\n\t\t<meta name=\"twitter:card\" content=\"summary_large_image\" \/>\n\t\t<meta name=\"twitter:title\" content=\"Impressum - Ihre Zoho Agentur mit Partner Zertifizierung\" \/>\n\t\t<meta name=\"twitter:description\" content=\"Impressum 1. Firma codafish &gt; GmbH Am Altenfeldsdeich 56 25371 Seestermu\u0308he Deutschland Handelsregister: HRB 13795 PI Registergericht: Amtsgericht Pinneberg Vertreten durch: Gesch\u00e4ftsf\u00fchrer: Andreas Wroblewski, Gesch\u00e4ftsf\u00fchrer: Timo M\u00fcller 2. KONTAKT Telefon: 00800 2632 3474 oder +49 30 666 38 48 00 Fax: +49 30 66638478 E-mail: hello@codafish.net 3. POSTADRESSE Friedrichstrasse 171, 10117 Berlin (Deutschland) Ballindamm 3,\" \/>\n\t\t<script type=\"application\/ld+json\" class=\"aioseo-schema\">\n\t\t\t{\"@context\":\"https:\\\/\\\/schema.org\",\"@graph\":[{\"@type\":\"BreadcrumbList\",\"@id\":\"https:\\\/\\\/zoho.codafish.net\\\/de\\\/impressum#breadcrumblist\",\"itemListElement\":[{\"@type\":\"ListItem\",\"@id\":\"https:\\\/\\\/zoho.codafish.net\\\/de#listItem\",\"position\":1,\"name\":\"Home\",\"item\":\"https:\\\/\\\/zoho.codafish.net\\\/de\",\"nextItem\":{\"@type\":\"ListItem\",\"@id\":\"https:\\\/\\\/zoho.codafish.net\\\/de\\\/impressum#listItem\",\"name\":\"Impressum\"}},{\"@type\":\"ListItem\",\"@id\":\"https:\\\/\\\/zoho.codafish.net\\\/de\\\/impressum#listItem\",\"position\":2,\"name\":\"Impressum\",\"previousItem\":{\"@type\":\"ListItem\",\"@id\":\"https:\\\/\\\/zoho.codafish.net\\\/de#listItem\",\"name\":\"Home\"}}]},{\"@type\":\"Organization\",\"@id\":\"https:\\\/\\\/zoho.codafish.net\\\/de\\\/#organization\",\"name\":\"codafish\",\"description\":\"together we dive into digital.\",\"url\":\"https:\\\/\\\/zoho.codafish.net\\\/de\\\/\",\"telephone\":\"+4930666384800\",\"foundingDate\":\"2018-06-18\",\"numberOfEmployees\":{\"@type\":\"QuantitativeValue\",\"value\":20},\"logo\":{\"@type\":\"ImageObject\",\"url\":\"https:\\\/\\\/zoho.codafish.net\\\/wp-content\\\/uploads\\\/2021\\\/12\\\/codafish_Logo_RGB_RZ_Pfade_oBG.png\",\"@id\":\"https:\\\/\\\/zoho.codafish.net\\\/de\\\/impressum\\\/#organizationLogo\",\"width\":955,\"height\":150},\"image\":{\"@id\":\"https:\\\/\\\/zoho.codafish.net\\\/de\\\/impressum\\\/#organizationLogo\"},\"sameAs\":[\"https:\\\/\\\/www.facebook.com\\\/codafishagency\",\"https:\\\/\\\/www.instagram.com\\\/codafishagency\\\/\",\"https:\\\/\\\/www.youtube.com\\\/@codafish\",\"https:\\\/\\\/www.linkedin.com\\\/company\\\/codafishagency\\\/\"]},{\"@type\":\"WebPage\",\"@id\":\"https:\\\/\\\/zoho.codafish.net\\\/de\\\/impressum#webpage\",\"url\":\"https:\\\/\\\/zoho.codafish.net\\\/de\\\/impressum\",\"name\":\"Impressum - Ihre Zoho Agentur mit Partner Zertifizierung\",\"description\":\"Impressum 1. Firma codafish > GmbH Am Altenfeldsdeich 56 25371 Seestermu\\u0308he Deutschland Handelsregister: HRB 13795 PI Registergericht: Amtsgericht Pinneberg Vertreten durch: Gesch\\u00e4ftsf\\u00fchrer: Andreas Wroblewski, Gesch\\u00e4ftsf\\u00fchrer: Timo M\\u00fcller 2. KONTAKT Telefon: 00800 2632 3474 oder +49 30 666 38 48 00 Fax: +49 30 66638478 E-mail: hello@codafish.net 3. POSTADRESSE Friedrichstrasse 171, 10117 Berlin (Deutschland) Ballindamm 3,\",\"inLanguage\":\"de-DE\",\"isPartOf\":{\"@id\":\"https:\\\/\\\/zoho.codafish.net\\\/de\\\/#website\"},\"breadcrumb\":{\"@id\":\"https:\\\/\\\/zoho.codafish.net\\\/de\\\/impressum#breadcrumblist\"},\"datePublished\":\"2022-09-29T12:03:57+02:00\",\"dateModified\":\"2024-08-20T12:37:01+02:00\"},{\"@type\":\"WebSite\",\"@id\":\"https:\\\/\\\/zoho.codafish.net\\\/de\\\/#website\",\"url\":\"https:\\\/\\\/zoho.codafish.net\\\/de\\\/\",\"name\":\"Ihre Zoho Agentur mit Partner Zertifizierung\",\"description\":\"together we dive into digital.\",\"inLanguage\":\"de-DE\",\"publisher\":{\"@id\":\"https:\\\/\\\/zoho.codafish.net\\\/de\\\/#organization\"}}]}\n\t\t<\/script>\n\t\t<!-- All in One SEO Pro -->\r\n\t\t<title>Impressum - Ihre Zoho Agentur mit Partner Zertifizierung<\/title>\n\n","aioseo_head_json":{"title":"Impressum - Ihre Zoho Agentur mit Partner Zertifizierung","description":"Impressum 1. Firma codafish > GmbH Am Altenfeldsdeich 56 25371 Seestermu\u0308he Deutschland Handelsregister: HRB 13795 PI Registergericht: Amtsgericht Pinneberg Vertreten durch: Gesch\u00e4ftsf\u00fchrer: Andreas Wroblewski, Gesch\u00e4ftsf\u00fchrer: Timo M\u00fcller 2. KONTAKT Telefon: 00800 2632 3474 oder +49 30 666 38 48 00 Fax: +49 30 66638478 E-mail: hello@codafish.net 3. POSTADRESSE Friedrichstrasse 171, 10117 Berlin (Deutschland) Ballindamm 3,","canonical_url":"https:\/\/zoho.codafish.net\/de\/impressum","robots":"max-image-preview:large","keywords":"","webmasterTools":{"google-site-verification":"eketftC4Xy7qAWx16d26dT1ozeJSfO04qSjqDLLPntk","miscellaneous":""},"schema":{"@context":"https:\/\/schema.org","@graph":[{"@type":"BreadcrumbList","@id":"https:\/\/zoho.codafish.net\/de\/impressum#breadcrumblist","itemListElement":[{"@type":"ListItem","@id":"https:\/\/zoho.codafish.net\/de#listItem","position":1,"name":"Home","item":"https:\/\/zoho.codafish.net\/de","nextItem":{"@type":"ListItem","@id":"https:\/\/zoho.codafish.net\/de\/impressum#listItem","name":"Impressum"}},{"@type":"ListItem","@id":"https:\/\/zoho.codafish.net\/de\/impressum#listItem","position":2,"name":"Impressum","previousItem":{"@type":"ListItem","@id":"https:\/\/zoho.codafish.net\/de#listItem","name":"Home"}}]},{"@type":"Organization","@id":"https:\/\/zoho.codafish.net\/de\/#organization","name":"codafish","description":"together we dive into digital.","url":"https:\/\/zoho.codafish.net\/de\/","telephone":"+4930666384800","foundingDate":"2018-06-18","numberOfEmployees":{"@type":"QuantitativeValue","value":20},"logo":{"@type":"ImageObject","url":"https:\/\/zoho.codafish.net\/wp-content\/uploads\/2021\/12\/codafish_Logo_RGB_RZ_Pfade_oBG.png","@id":"https:\/\/zoho.codafish.net\/de\/impressum\/#organizationLogo","width":955,"height":150},"image":{"@id":"https:\/\/zoho.codafish.net\/de\/impressum\/#organizationLogo"},"sameAs":["https:\/\/www.facebook.com\/codafishagency","https:\/\/www.instagram.com\/codafishagency\/","https:\/\/www.youtube.com\/@codafish","https:\/\/www.linkedin.com\/company\/codafishagency\/"]},{"@type":"WebPage","@id":"https:\/\/zoho.codafish.net\/de\/impressum#webpage","url":"https:\/\/zoho.codafish.net\/de\/impressum","name":"Impressum - Ihre Zoho Agentur mit Partner Zertifizierung","description":"Impressum 1. Firma codafish > GmbH Am Altenfeldsdeich 56 25371 Seestermu\u0308he Deutschland Handelsregister: HRB 13795 PI Registergericht: Amtsgericht Pinneberg Vertreten durch: Gesch\u00e4ftsf\u00fchrer: Andreas Wroblewski, Gesch\u00e4ftsf\u00fchrer: Timo M\u00fcller 2. KONTAKT Telefon: 00800 2632 3474 oder +49 30 666 38 48 00 Fax: +49 30 66638478 E-mail: hello@codafish.net 3. POSTADRESSE Friedrichstrasse 171, 10117 Berlin (Deutschland) Ballindamm 3,","inLanguage":"de-DE","isPartOf":{"@id":"https:\/\/zoho.codafish.net\/de\/#website"},"breadcrumb":{"@id":"https:\/\/zoho.codafish.net\/de\/impressum#breadcrumblist"},"datePublished":"2022-09-29T12:03:57+02:00","dateModified":"2024-08-20T12:37:01+02:00"},{"@type":"WebSite","@id":"https:\/\/zoho.codafish.net\/de\/#website","url":"https:\/\/zoho.codafish.net\/de\/","name":"Ihre Zoho Agentur mit Partner Zertifizierung","description":"together we dive into digital.","inLanguage":"de-DE","publisher":{"@id":"https:\/\/zoho.codafish.net\/de\/#organization"}}]},"og:locale":"de_DE","og:site_name":"Ihre Zoho Agentur mit Partner Zertifizierung - together we dive into digital.","og:type":"article","og:title":"Impressum - Ihre Zoho Agentur mit Partner Zertifizierung","og:description":"Impressum 1. Firma codafish &gt; GmbH Am Altenfeldsdeich 56 25371 Seestermu\u0308he Deutschland Handelsregister: HRB 13795 PI Registergericht: Amtsgericht Pinneberg Vertreten durch: Gesch\u00e4ftsf\u00fchrer: Andreas Wroblewski, Gesch\u00e4ftsf\u00fchrer: Timo M\u00fcller 2. KONTAKT Telefon: 00800 2632 3474 oder +49 30 666 38 48 00 Fax: +49 30 66638478 E-mail: hello@codafish.net 3. POSTADRESSE Friedrichstrasse 171, 10117 Berlin (Deutschland) Ballindamm 3,","og:url":"https:\/\/zoho.codafish.net\/de\/impressum","article:published_time":"2022-09-29T10:03:57+00:00","article:modified_time":"2024-08-20T10:37:01+00:00","article:publisher":"https:\/\/www.facebook.com\/codafishagency","twitter:card":"summary_large_image","twitter:title":"Impressum - Ihre Zoho Agentur mit Partner Zertifizierung","twitter:description":"Impressum 1. Firma codafish &gt; GmbH Am Altenfeldsdeich 56 25371 Seestermu\u0308he Deutschland Handelsregister: HRB 13795 PI Registergericht: Amtsgericht Pinneberg Vertreten durch: Gesch\u00e4ftsf\u00fchrer: Andreas Wroblewski, Gesch\u00e4ftsf\u00fchrer: Timo M\u00fcller 2. KONTAKT Telefon: 00800 2632 3474 oder +49 30 666 38 48 00 Fax: +49 30 66638478 E-mail: hello@codafish.net 3. POSTADRESSE Friedrichstrasse 171, 10117 Berlin (Deutschland) Ballindamm 3,"},"aioseo_meta_data":{"post_id":"5339","title":null,"description":null,"keywords":null,"keyphrases":{"focus":{"keyphrase":"","score":0,"analysis":{"keyphraseInTitle":{"score":0,"maxScore":9,"error":1}}},"additional":[]},"primary_term":null,"canonical_url":null,"og_title":null,"og_description":null,"og_object_type":"default","og_image_type":"default","og_image_url":null,"og_image_width":null,"og_image_height":null,"og_image_custom_url":null,"og_image_custom_fields":null,"og_video":"","og_custom_url":null,"og_article_section":null,"og_article_tags":null,"twitter_use_og":false,"twitter_card":"default","twitter_image_type":"default","twitter_image_url":null,"twitter_image_custom_url":null,"twitter_image_custom_fields":null,"twitter_title":null,"twitter_description":null,"schema":{"blockGraphs":[],"customGraphs":[],"default":{"data":{"Article":[],"Course":[],"Dataset":[],"FAQPage":[],"Movie":[],"Person":[],"Product":[],"ProductReview":[],"Car":[],"Recipe":[],"Service":[],"SoftwareApplication":[],"WebPage":[]},"graphName":"none","isEnabled":true},"graphs":[]},"schema_type":"default","schema_type_options":null,"pillar_content":false,"robots_default":true,"robots_noindex":false,"robots_noarchive":false,"robots_nosnippet":false,"robots_nofollow":false,"robots_noimageindex":false,"robots_noodp":false,"robots_notranslate":false,"robots_max_snippet":"-1","robots_max_videopreview":"-1","robots_max_imagepreview":"large","priority":null,"frequency":"default","local_seo":null,"seo_analyzer_scan_date":"2025-10-10 19:17:30","breadcrumb_settings":null,"limit_modified_date":false,"reviewed_by":null,"open_ai":"{\"title\":{\"suggestions\":[],\"usage\":0},\"description\":{\"suggestions\":[],\"usage\":0}}","ai":null,"created":"2023-09-23 14:23:45","updated":"2025-10-20 10:59:43"},"aioseo_breadcrumb":"<div class=\"aioseo-breadcrumbs\"><span class=\"aioseo-breadcrumb\">\n\t<a href=\"https:\/\/zoho.codafish.net\/de\" title=\"Home\">Home<\/a>\n<\/span><span class=\"aioseo-breadcrumb-separator\">\u00bb<\/span><span class=\"aioseo-breadcrumb\">\n\tImpressum\n<\/span><\/div>","aioseo_breadcrumb_json":[{"label":"Home","link":"https:\/\/zoho.codafish.net\/de"},{"label":"Impressum","link":"https:\/\/zoho.codafish.net\/de\/impressum"}],"_links":{"self":[{"href":"https:\/\/zoho.codafish.net\/de\/wp-json\/wp\/v2\/pages\/5339","targetHints":{"allow":["GET"]}}],"collection":[{"href":"https:\/\/zoho.codafish.net\/de\/wp-json\/wp\/v2\/pages"}],"about":[{"href":"https:\/\/zoho.codafish.net\/de\/wp-json\/wp\/v2\/types\/page"}],"author":[{"embeddable":true,"href":"https:\/\/zoho.codafish.net\/de\/wp-json\/wp\/v2\/users\/1"}],"replies":[{"embeddable":true,"href":"https:\/\/zoho.codafish.net\/de\/wp-json\/wp\/v2\/comments?post=5339"}],"version-history":[{"count":0,"href":"https:\/\/zoho.codafish.net\/de\/wp-json\/wp\/v2\/pages\/5339\/revisions"}],"wp:attachment":[{"href":"https:\/\/zoho.codafish.net\/de\/wp-json\/wp\/v2\/media?parent=5339"}],"curies":[{"name":"wp","href":"https:\/\/api.w.org\/{rel}","templated":true}]}}